{"id":115,"date":"2024-09-27T19:39:47","date_gmt":"2024-09-27T19:39:47","guid":{"rendered":"https:\/\/s2.agensium.com\/?page_id=115"},"modified":"2024-11-20T15:40:56","modified_gmt":"2024-11-20T15:40:56","slug":"acoperiri","status":"publish","type":"page","link":"https:\/\/www.rom.md\/ro\/acoperiri\/","title":{"rendered":"Hus\u0103"},"content":{"rendered":"<p>[et_pb_section fb_built=&#8221;1&#8243; _builder_version=&#8221;4.27.2&#8243; _module_preset=&#8221;default&#8221; custom_margin=&#8221;0px||0px||false|false&#8221; custom_padding=&#8221;0px||0px||false|false&#8221; global_colors_info=&#8221;{}&#8221;][et_pb_row custom_padding_last_edited=&#8221;on|phone&#8221; module_class=&#8221;bilboard&#8221; _builder_version=&#8221;4.27.2&#8243; _module_preset=&#8221;default&#8221; background_image=&#8221;https:\/\/rom.md\/wp-content\/uploads\/2024\/10\/Header_klein-Bezug.webp&#8221; width=&#8221;100%&#8221; width_tablet=&#8221;100%&#8221; width_phone=&#8221;100%&#8221; width_last_edited=&#8221;on|phone&#8221; max_width=&#8221;2560px&#8221; max_width_tablet=&#8221;2560px&#8221; max_width_phone=&#8221;2560px&#8221; max_width_last_edited=&#8221;on|phone&#8221; height=&#8221;400px&#8221; custom_padding_tablet=&#8221;&#8221; custom_padding_phone=&#8221;|0px||25px|false|false&#8221; hover_enabled=&#8221;0&#8243; custom_css_free_form=&#8221;.bilboard{||  display:flex;||  justify-content:flex-end;||  flex-direction:column;||  align-items:flex-end;||  padding-bottom:100px;||  padding-left:140px;||}&#8221; global_colors_info=&#8221;{}&#8221; title_text=&#8221;Header_klein-Bezug&#8221; sticky_enabled=&#8221;0&#8243;][et_pb_column type=&#8221;4_4&#8243; _builder_version=&#8221;4.27.0&#8243; _module_preset=&#8221;default&#8221; global_colors_info=&#8221;{}&#8221;][et_pb_heading title=&#8221;HUS\u0102&#8221; _builder_version=&#8221;4.27.2&#8243; _module_preset=&#8221;default&#8221; title_font=&#8221;|||on|||||&#8221; title_text_align=&#8221;left&#8221; title_text_color=&#8221;#FFFFFF&#8221; title_font_size=&#8221;56px&#8221; width=&#8221;38%&#8221; width_tablet=&#8221;38%&#8221; width_phone=&#8221;100%&#8221; width_last_edited=&#8221;on|phone&#8221; custom_margin=&#8221;0px||||false|false&#8221; hover_enabled=&#8221;0&#8243; module_alignment_tablet=&#8221;&#8221; module_alignment_phone=&#8221;&#8221; module_alignment_last_edited=&#8221;on|phone&#8221; custom_css_free_form=&#8221; &#8221; border_radii=&#8221;off||||&#8221; global_colors_info=&#8221;{}&#8221; sticky_enabled=&#8221;0&#8243;][\/et_pb_heading][\/et_pb_column][\/et_pb_row][\/et_pb_section][et_pb_section fb_built=&#8221;1&#8243; _builder_version=&#8221;4.27.2&#8243; _module_preset=&#8221;default&#8221; global_colors_info=&#8221;{}&#8221;][et_pb_row _builder_version=&#8221;4.27.2&#8243; _module_preset=&#8221;default&#8221; global_colors_info=&#8221;{}&#8221;][et_pb_column type=&#8221;4_4&#8243; _builder_version=&#8221;4.27.2&#8243; _module_preset=&#8221;default&#8221; global_colors_info=&#8221;{}&#8221;][et_pb_heading title=&#8221;Husa perfect\u0103 pentru canapeaua de vis&#8221; _builder_version=&#8221;4.27.2&#8243; _module_preset=&#8221;default&#8221; title_font=&#8221;Montserrat|500||on|||||&#8221; title_text_color=&#8221;#e76634&#8243; title_font_size=&#8221;50px&#8221; title_line_height=&#8221;1.2em&#8221; width=&#8221;65%&#8221; width_tablet=&#8221;65%&#8221; width_phone=&#8221;65%&#8221; width_last_edited=&#8221;on|phone&#8221; title_font_size_tablet=&#8221;50px&#8221; title_font_size_phone=&#8221;24px&#8221; title_font_size_last_edited=&#8221;on|phone&#8221; global_colors_info=&#8221;{}&#8221;][\/et_pb_heading][et_pb_text _builder_version=&#8221;4.27.2&#8243; _module_preset=&#8221;default&#8221; text_text_color=&#8221;#3b4f5f&#8221; text_font_size=&#8221;16px&#8221; text_line_height=&#8221;1.5em&#8221; header_font=&#8221;Poppins|300|||||||&#8221; global_colors_info=&#8221;{}&#8221;]<\/p>\n<p>Indiferent c\u00e2t de mult\u0103 tehnologie ar intra \u00eentr-o canapea, exteriorul este cel care conteaz\u0103! Culoarea, structura \u0219i senza\u021bia ar trebui s\u0103 fie la fel de pl\u0103cute dup\u0103 o utilizare intensiv\u0103 ca \u0219i \u00een prima zi. Atunci c\u00e2nd cump\u0103ra\u021bi o canapea, alegerea husei este adesea cea mai dificil\u0103 decizie. Dar indiferent dac\u0103 alege\u021bi \u021bes\u0103tur\u0103 de \u00eenalt\u0103 calitate sau piele fin\u0103: v\u0103 oferim o colec\u021bie unic\u0103 de huse de \u00eenalt\u0103 calitate. Las\u0103-te inspirat de diversitatea noastr\u0103!<\/p>\n<p>[\/et_pb_text][\/et_pb_column][\/et_pb_row][\/et_pb_section][et_pb_section fb_built=&#8221;1&#8243; _builder_version=&#8221;4.27.2&#8243; _module_preset=&#8221;default&#8221; global_colors_info=&#8221;{}&#8221;][et_pb_row _builder_version=&#8221;4.27.2&#8243; _module_preset=&#8221;default&#8221; global_colors_info=&#8221;{}&#8221;][et_pb_column type=&#8221;4_4&#8243; _builder_version=&#8221;4.27.2&#8243; _module_preset=&#8221;default&#8221; global_colors_info=&#8221;{}&#8221;][et_pb_heading title=&#8221;canapea Shion&#8221; _builder_version=&#8221;4.27.2&#8243; _module_preset=&#8221;default&#8221; title_font=&#8221;Montserrat|500||on|||||&#8221; title_font_size=&#8221;46px&#8221; title_line_height=&#8221;1.2em&#8221; title_font_size_tablet=&#8221;46px&#8221; title_font_size_phone=&#8221;35px&#8221; title_font_size_last_edited=&#8221;on|phone&#8221; global_colors_info=&#8221;{}&#8221;][\/et_pb_heading][\/et_pb_column][\/et_pb_row][et_pb_row column_structure=&#8221;1_2,1_2&#8243; _builder_version=&#8221;4.27.2&#8243; _module_preset=&#8221;default&#8221; custom_margin=&#8221;||30px||false|false&#8221; global_colors_info=&#8221;{}&#8221;][et_pb_column type=&#8221;1_2&#8243; _builder_version=&#8221;4.27.2&#8243; _module_preset=&#8221;default&#8221; global_colors_info=&#8221;{}&#8221;][et_pb_image src=&#8221;https:\/\/rom.md\/wp-content\/uploads\/2024\/10\/3erGruppe_Stoffe2.webp&#8221; title_text=&#8221;3erGruppe_Stoffe2&#8243; _builder_version=&#8221;4.27.2&#8243; _module_preset=&#8221;default&#8221; custom_margin=&#8221;-43px||||false|false&#8221; hover_enabled=&#8221;0&#8243; global_colors_info=&#8221;{}&#8221; sticky_enabled=&#8221;0&#8243;][\/et_pb_image][\/et_pb_column][et_pb_column type=&#8221;1_2&#8243; _builder_version=&#8221;4.27.2&#8243; _module_preset=&#8221;default&#8221; global_colors_info=&#8221;{}&#8221;][et_pb_text _builder_version=&#8221;4.27.2&#8243; _module_preset=&#8221;default&#8221; text_font=&#8221;Montserrat|300|||||||&#8221; text_text_color=&#8221;#e76634&#8243; text_line_height=&#8221;1.2em&#8221; global_colors_info=&#8221;{}&#8221;]Potrivire perfect\u0103 pentru fiecare gust[\/et_pb_text][et_pb_heading title=&#8221;\u021aes\u0103turi de \u00eenalt\u0103 calitate&#8221; _builder_version=&#8221;4.27.2&#8243; _module_preset=&#8221;default&#8221; title_font=&#8221;Montserrat|500||on|||||&#8221; title_font_size=&#8221;46px&#8221; title_line_height=&#8221;1.2em&#8221; title_font_size_tablet=&#8221;46px&#8221; title_font_size_phone=&#8221;34px&#8221; title_font_size_last_edited=&#8221;on|phone&#8221; global_colors_info=&#8221;{}&#8221;][\/et_pb_heading][et_pb_text _builder_version=&#8221;4.27.2&#8243; _module_preset=&#8221;default&#8221; text_text_color=&#8221;#3b4f5f&#8221; text_font_size=&#8221;18px&#8221; text_line_height=&#8221;1.5em&#8221; custom_padding_tablet=&#8221;&#8221; custom_padding_phone=&#8221;||35px||false|false&#8221; custom_padding_last_edited=&#8221;on|phone&#8221; global_colors_info=&#8221;{}&#8221;]<\/p>\n<p>\u021aes\u0103turile sunt cu siguran\u021b\u0103 zona cea mai divers\u0103 \u00een ceea ce prive\u0219te structura, culoarea \u0219i calitatea c\u00e2nd vine vorba de huse de canapea. Credem c\u0103 acest lucru este foarte bun, deoarece \u00eenseamn\u0103 c\u0103 putem oferi clien\u021bilor no\u0219tri husa potrivit\u0103 pentru canapeaua visat\u0103. Am inclus peste 300 de \u021bes\u0103turi diferite \u00een gama noastr\u0103: de la velur moale la \u021bes\u0103turi structurate robuste p\u00e2n\u0103 la eroi de zi cu zi rezistenti.<\/p>\n<p>Calitatea joac\u0103 un rol central nu numai \u00een produc\u021bie, ci \u0219i \u00een utilizarea huselor din material textil. Din acest motiv, toate \u021bes\u0103turile noastre sunt testate extensiv pentru rezisten\u021ba la abraziune, rezisten\u021ba la lumin\u0103 \u0219i emisiile. Desigur, folosim \u0219i etichete de calitate precum Q2, aquaclean \u0219i Easycare.<\/p>\n<p>[\/et_pb_text][\/et_pb_column][\/et_pb_row][et_pb_row column_structure=&#8221;1_2,1_2&#8243; _builder_version=&#8221;4.27.2&#8243; _module_preset=&#8221;default&#8221; global_colors_info=&#8221;{}&#8221;][et_pb_column type=&#8221;1_2&#8243; _builder_version=&#8221;4.27.2&#8243; _module_preset=&#8221;default&#8221; global_colors_info=&#8221;{}&#8221;][et_pb_text _builder_version=&#8221;4.27.2&#8243; _module_preset=&#8221;default&#8221; text_font=&#8221;Montserrat|300|||||||&#8221; text_text_color=&#8221;#e76634&#8243; text_line_height=&#8221;1.2em&#8221; global_colors_info=&#8221;{}&#8221;]Diversitate \u00een toate nuan\u021bele[\/et_pb_text][et_pb_heading title=&#8221;Piele fin\u0103&#8221; _builder_version=&#8221;4.27.2&#8243; _module_preset=&#8221;default&#8221; title_font=&#8221;Montserrat|500||on|||||&#8221; title_font_size=&#8221;46px&#8221; title_line_height=&#8221;1.2em&#8221; title_font_size_tablet=&#8221;46px&#8221; title_font_size_phone=&#8221;24px&#8221; title_font_size_last_edited=&#8221;on|phone&#8221; global_colors_info=&#8221;{}&#8221;][\/et_pb_heading][et_pb_text _builder_version=&#8221;4.27.2&#8243; _module_preset=&#8221;default&#8221; text_text_color=&#8221;#3b4f5f&#8221; text_font_size=&#8221;18px&#8221; text_line_height=&#8221;1.5em&#8221; custom_padding=&#8221;||||false|false&#8221; custom_padding_tablet=&#8221;||||false|false&#8221; custom_padding_phone=&#8221;||35px||false|false&#8221; custom_padding_last_edited=&#8221;on|desktop&#8221; global_colors_info=&#8221;{}&#8221;]<\/p>\n<p>Pielea este universal\u0103: elegant\u0103 \u0219i \u00een acela\u0219i timp natural\u0103, este clasicul dintre husele de canapea. Faptul c\u0103 nu toat\u0103 pielea este la fel se reflect\u0103 \u00een varietatea noastr\u0103 de piele de acoperire: de la piele de familie robust\u0103 la piele tulbure la mod\u0103 p\u00e2n\u0103 la piele nubuc pentru cunosc\u0103tori, exist\u0103 husa potrivit\u0103 pentru fiecare stil de via\u021b\u0103.<\/p>\n<p>Implement\u0103m standarde \u00eenalte \u00een ceea ce prive\u0219te calitatea \u0219i \u00eengrijirea: pielea noastr\u0103 provine din t\u0103b\u0103c\u0103rii selectate \u0219i, de asemenea, trebuie s\u0103 fie supus\u0103 unor proceduri interne permanente de testare. Rezultatul este un produs de calitate real\u0103 pe care suntem bucuro\u0219i s\u0103 \u00eel transmitem clien\u021bilor no\u0219tri.<\/p>\n<p>[\/et_pb_text][\/et_pb_column][et_pb_column type=&#8221;1_2&#8243; _builder_version=&#8221;4.27.2&#8243; _module_preset=&#8221;default&#8221; global_colors_info=&#8221;{}&#8221;][et_pb_image src=&#8221;https:\/\/rom.md\/wp-content\/uploads\/2024\/10\/3erGruppe_Leder-2.webp&#8221; title_text=&#8221;3erGruppe_Leder-2&#8243; _builder_version=&#8221;4.27.2&#8243; _module_preset=&#8221;default&#8221; custom_margin=&#8221;-43px||||false|false&#8221; hover_enabled=&#8221;0&#8243; global_colors_info=&#8221;{}&#8221; sticky_enabled=&#8221;0&#8243;][\/et_pb_image][\/et_pb_column][\/et_pb_row][\/et_pb_section][et_pb_section fb_built=&#8221;1&#8243; _builder_version=&#8221;4.27.2&#8243; _module_preset=&#8221;default&#8221; background_image=&#8221;https:\/\/s2.agensium.com\/wp-content\/uploads\/2024\/10\/download-2.webp&#8221; min_height=&#8221;116px&#8221; custom_padding=&#8221;0px||0px||false|false&#8221; global_colors_info=&#8221;{}&#8221;][et_pb_row custom_padding_last_edited=&#8221;on|phone&#8221; _builder_version=&#8221;4.27.2&#8243; _module_preset=&#8221;default&#8221; background_color=&#8221;rgba(255,255,255,0.62)&#8221; width=&#8221;100%&#8221; max_width=&#8221;2560px&#8221; module_alignment=&#8221;center&#8221; height=&#8221;270px&#8221; custom_margin=&#8221;0px||0px||false|false&#8221; custom_padding=&#8221;73px||73px||true|false&#8221; custom_padding_tablet=&#8221;73px||73px||true|false&#8221; custom_padding_phone=&#8221;22px||22px||true|false&#8221; hover_enabled=&#8221;0&#8243; global_colors_info=&#8221;{}&#8221; sticky_enabled=&#8221;0&#8243; title_text=&#8221;download&#8221; background_image=&#8221;https:\/\/rom.md\/wp-content\/uploads\/2024\/10\/download-2.webp&#8221;][et_pb_column type=&#8221;4_4&#8243; _builder_version=&#8221;4.27.2&#8243; _module_preset=&#8221;default&#8221; global_colors_info=&#8221;{}&#8221;][et_pb_text _builder_version=&#8221;4.27.2&#8243; _module_preset=&#8221;default&#8221; text_font=&#8221;Montserrat|500|||||||&#8221; text_text_color=&#8221;#e76634&#8243; text_font_size=&#8221;40px&#8221; text_line_height=&#8221;1.2em&#8221; header_text_align=&#8221;center&#8221; header_text_color=&#8221;#e76634&#8243; text_orientation=&#8221;center&#8221; width=&#8221;40%&#8221; width_tablet=&#8221;40%&#8221; width_phone=&#8221;100%&#8221; width_last_edited=&#8221;on|phone&#8221; module_alignment=&#8221;center&#8221; custom_margin_tablet=&#8221;&#8221; custom_margin_phone=&#8221;60px||||false|false&#8221; custom_margin_last_edited=&#8221;on|phone&#8221; custom_padding_tablet=&#8221;&#8221; custom_padding_phone=&#8221;11px|35px|11px|35px|true|true&#8221; custom_padding_last_edited=&#8221;on|phone&#8221; hover_enabled=&#8221;0&#8243; text_font_size_tablet=&#8221;40px&#8221; text_font_size_phone=&#8221;24px&#8221; text_font_size_last_edited=&#8221;on|phone&#8221; header_font_size_tablet=&#8221;&#8221; header_font_size_phone=&#8221;&#8221; header_font_size_last_edited=&#8221;on|desktop&#8221; global_colors_info=&#8221;{}&#8221; sticky_enabled=&#8221;0&#8243; text_text_shadow_style=&#8221;preset1&#8243;]<\/p>\n<p>\u021aes\u0103turi de \u00eenalt\u0103 calitate \u0219i piele fin\u0103 pentru canapeaua ta perfect\u0103<\/p>\n<p>[\/et_pb_text][\/et_pb_column][\/et_pb_row][\/et_pb_section][et_pb_section fb_built=&#8221;1&#8243; _builder_version=&#8221;4.27.2&#8243; _module_preset=&#8221;default&#8221; global_colors_info=&#8221;{}&#8221;][et_pb_row _builder_version=&#8221;4.27.2&#8243; _module_preset=&#8221;default&#8221; custom_padding=&#8221;0px||0px||true|false&#8221; border_width_left=&#8221;3px&#8221; border_color_left=&#8221;#e76634&#8243; global_colors_info=&#8221;{}&#8221;][et_pb_column type=&#8221;4_4&#8243; _builder_version=&#8221;4.27.2&#8243; _module_preset=&#8221;default&#8221; global_colors_info=&#8221;{}&#8221;][et_pb_text _builder_version=&#8221;4.27.2&#8243; _module_preset=&#8221;default&#8221; text_font=&#8221;Montserrat||||||||&#8221; text_text_color=&#8221;#e76634&#8243; width=&#8221;97%&#8221; module_alignment=&#8221;center&#8221; global_colors_info=&#8221;{}&#8221;]<\/p>\n<p style=\"text-align: center;\">C\u00e2nd vine vorba de subiectul copertelor, avem \u00eencredere total\u0103 \u00een dealerul nostru rom1961. Pentru c\u0103 \u021bes\u0103turile \u0219i pielea pot fi experimentate cu adev\u0103rat doar \u201e\u00een direct \u0219i \u00een culoare\u201d! Iar exper\u021bii no\u0219tri la fa\u021ba locului v\u0103 vor oferi, de asemenea, sfaturi extrem de competente pe teme de calitate, rezisten\u021b\u0103 la lumin\u0103, rezisten\u021b\u0103 la abraziune, \u00eengrijire \u0219i concepte de culoare.<\/p>\n<p>[\/et_pb_text][\/et_pb_column][\/et_pb_row][\/et_pb_section][et_pb_section fb_built=&#8221;1&#8243; _builder_version=&#8221;4.27.2&#8243; _module_preset=&#8221;default&#8221; background_color=&#8221;#8da5ad&#8221; global_colors_info=&#8221;{}&#8221;][et_pb_row column_structure=&#8221;1_2,1_2&#8243; _builder_version=&#8221;4.27.2&#8243; _module_preset=&#8221;default&#8221; global_colors_info=&#8221;{}&#8221;][et_pb_column type=&#8221;1_2&#8243; _builder_version=&#8221;4.27.2&#8243; _module_preset=&#8221;default&#8221; global_colors_info=&#8221;{}&#8221;][et_pb_text _builder_version=&#8221;4.27.2&#8243; _module_preset=&#8221;default&#8221; text_font=&#8221;Montserrat|300|||||||&#8221; text_text_color=&#8221;#FFFFFF&#8221; text_line_height=&#8221;1.2em&#8221; global_colors_info=&#8221;{}&#8221;]<\/p>\n<p>Confort \u00een perfec\u021biune<\/p>\n<p>[\/et_pb_text][et_pb_heading title=&#8221;Haide\u021bi s\u0103 v\u0103 facem visul s\u0103 devin\u0103 realitate \u00eempreun\u0103&#8221; _builder_version=&#8221;4.27.2&#8243; _module_preset=&#8221;default&#8221; title_font=&#8221;Montserrat|500||on|||||&#8221; title_text_color=&#8221;#FFFFFF&#8221; title_font_size=&#8221;45px&#8221; title_line_height=&#8221;1.2em&#8221; title_font_size_tablet=&#8221;45px&#8221; title_font_size_phone=&#8221;35px&#8221; title_font_size_last_edited=&#8221;on|phone&#8221; global_colors_info=&#8221;{}&#8221;][\/et_pb_heading][et_pb_text _builder_version=&#8221;4.27.2&#8243; _module_preset=&#8221;default&#8221; text_text_color=&#8221;#FFFFFF&#8221; text_font_size=&#8221;18px&#8221; text_line_height=&#8221;1.5em&#8221; global_colors_info=&#8221;{}&#8221;]Centrul de living perfect este creat atunci c\u00e2nd toat\u0103 lumea se simte confortabil pe canapea \u00een felul s\u0103u \u0219i ofer\u0103 decorul potrivit \u0219i confort perfect pentru fiecare ocazie. Apoi familia cre\u0219te \u00eempreun\u0103 \u0219i poate primi prietenii. Acesta este principiul nostru c\u0103l\u0103uzitor, pe care \u00eel reg\u00e2ndim cu pasiune \u0219i \u00eel implement\u0103m pentru fiecare client.[\/et_pb_text][et_pb_button button_url=&#8221;@ET-DC@eyJkeW5hbWljIjp0cnVlLCJjb250ZW50IjoicG9zdF9saW5rX3VybF9wYWdlIiwic2V0dGluZ3MiOnsicG9zdF9pZCI6IjE4NjYifX0=@&#8221; button_text=&#8221;La showroom-ul din apropiere&#8221; button_alignment=&#8221;left&#8221; button_alignment_tablet=&#8221;center&#8221; button_alignment_phone=&#8221;center&#8221; button_alignment_last_edited=&#8221;on|desktop&#8221; module_class=&#8221;Descopera&#8221; _builder_version=&#8221;4.27.2&#8243; _dynamic_attributes=&#8221;button_url&#8221; _module_preset=&#8221;default&#8221; background_layout=&#8221;dark&#8221; custom_padding=&#8221;6px|30px|6px|30px|true|true&#8221; custom_css_free_form=&#8221;.Descopera{||     color: #ffffff !important;||    border-width: 2px !important;||    border-color: #9a8c80;||    border-radius: 1px;||    letter-spacing: 1px;||    font-size: 14px;||    font-family: &#8216;Montserrat&#8217;, Helvetica, Arial, Lucida, sans-serif !important;||    font-weight: 600 !important;||    text-transform: uppercase !important;||    background-color: #9a8c80;||}||.Descopera:hover{|| background:#b61b1c;||}||.Descopera:after{||  font-size:19px;||  padding-left:10px;||  content:%22\u2192%22||}&#8221; global_colors_info=&#8221;{}&#8221;][\/et_pb_button][\/et_pb_column][et_pb_column type=&#8221;1_2&#8243; _builder_version=&#8221;4.27.2&#8243; _module_preset=&#8221;default&#8221; global_colors_info=&#8221;{}&#8221;][et_pb_image src=&#8221;https:\/\/rom.md\/wp-content\/uploads\/2024\/10\/Irom-flyer1264-new-scaled-2048&#215;1354-1.webp&#8221; title_text=&#8221;Irom-flyer1264-new-scaled-2048&#215;1354&#8243; _builder_version=&#8221;4.27.2&#8243; _module_preset=&#8221;default&#8221; hover_enabled=&#8221;0&#8243; global_colors_info=&#8221;{}&#8221; sticky_enabled=&#8221;0&#8243;][\/et_pb_image][\/et_pb_column][\/et_pb_row][\/et_pb_section]<\/p>\n","protected":false},"excerpt":{"rendered":"<p>Indiferent c\u00e2t de mult\u0103 tehnologie ar intra \u00eentr-o canapea, exteriorul este cel care conteaz\u0103! Culoarea, structura \u0219i senza\u021bia ar trebui s\u0103 fie la fel de pl\u0103cute dup\u0103 o utilizare intensiv\u0103 ca \u0219i \u00een prima zi. Atunci c\u00e2nd cump\u0103ra\u021bi o canapea, alegerea husei este adesea cea mai dificil\u0103 decizie. Dar indiferent dac\u0103 alege\u021bi \u021bes\u0103tur\u0103 de \u00eenalt\u0103 [&hellip;]<\/p>\n","protected":false},"author":1,"featured_media":0,"parent":0,"menu_order":0,"comment_status":"closed","ping_status":"closed","template":"","meta":{"_et_pb_use_builder":"on","_et_pb_old_content":"<!-- wp:divi\/placeholder \/-->","_et_gb_content_width":"","footnotes":""},"class_list":["post-115","page","type-page","status-publish","hentry"],"yoast_head":"<!-- This site is optimized with the Yoast SEO plugin v23.8 - https:\/\/yoast.com\/wordpress\/plugins\/seo\/ -->\n<title>Huse pentru Mobilier \u2013 Protec\u021bie \u0219i Stil pe Rom.md<\/title>\n<meta name=\"description\" content=\"Descoper\u0103 huse de calitate pentru canapele \u0219i mobilier pe Rom.md. Protejeaz\u0103-\u021bi piesele de mobilier cu stil \u0219i durabilitate.\" \/>\n<meta name=\"robots\" content=\"index, follow, max-snippet:-1, max-image-preview:large, max-video-preview:-1\" \/>\n<link rel=\"canonical\" href=\"https:\/\/rom.md\/ro\/acoperiri\/\" \/>\n<meta property=\"og:locale\" content=\"ro_RO\" \/>\n<meta property=\"og:type\" content=\"article\" \/>\n<meta property=\"og:title\" content=\"Huse pentru Mobilier \u2013 Protec\u021bie \u0219i Stil pe Rom.md\" \/>\n<meta property=\"og:description\" content=\"Descoper\u0103 huse de calitate pentru canapele \u0219i mobilier pe Rom.md. Protejeaz\u0103-\u021bi piesele de mobilier cu stil \u0219i durabilitate.\" \/>\n<meta property=\"og:url\" content=\"https:\/\/rom.md\/ro\/acoperiri\/\" \/>\n<meta property=\"og:site_name\" content=\"Rom1961\" \/>\n<meta property=\"article:modified_time\" content=\"2024-11-20T15:40:56+00:00\" \/>\n<meta name=\"twitter:card\" content=\"summary_large_image\" \/>\n<meta name=\"twitter:label1\" content=\"Timp estimat pentru citire\" \/>\n\t<meta name=\"twitter:data1\" content=\"4 minute\" \/>\n<script type=\"application\/ld+json\" class=\"yoast-schema-graph\">{\"@context\":\"https:\/\/schema.org\",\"@graph\":[{\"@type\":\"WebPage\",\"@id\":\"https:\/\/rom.md\/ro\/acoperiri\/\",\"url\":\"https:\/\/rom.md\/ro\/acoperiri\/\",\"name\":\"Huse pentru Mobilier \u2013 Protec\u021bie \u0219i Stil pe Rom.md\",\"isPartOf\":{\"@id\":\"https:\/\/canapea.md\/ru\/#website\"},\"datePublished\":\"2024-09-27T19:39:47+00:00\",\"dateModified\":\"2024-11-20T15:40:56+00:00\",\"description\":\"Descoper\u0103 huse de calitate pentru canapele \u0219i mobilier pe Rom.md. Protejeaz\u0103-\u021bi piesele de mobilier cu stil \u0219i durabilitate.\",\"breadcrumb\":{\"@id\":\"https:\/\/rom.md\/ro\/acoperiri\/#breadcrumb\"},\"inLanguage\":\"ro-RO\",\"potentialAction\":[{\"@type\":\"ReadAction\",\"target\":[\"https:\/\/rom.md\/ro\/acoperiri\/\"]}]},{\"@type\":\"BreadcrumbList\",\"@id\":\"https:\/\/rom.md\/ro\/acoperiri\/#breadcrumb\",\"itemListElement\":[{\"@type\":\"ListItem\",\"position\":1,\"name\":\"\u0413\u043b\u0430\u0432\u043d\u0430\u044f \u0441\u0442\u0440\u0430\u043d\u0438\u0446\u0430\",\"item\":\"https:\/\/canapea.md\/ru\/\"},{\"@type\":\"ListItem\",\"position\":2,\"name\":\"Hus\u0103\"}]},{\"@type\":\"WebSite\",\"@id\":\"https:\/\/canapea.md\/ru\/#website\",\"url\":\"https:\/\/canapea.md\/ru\/\",\"name\":\"Rom1961\",\"description\":\"COMFORT CU ADEV\u0102RAT INDIVIDUAL \",\"publisher\":{\"@id\":\"https:\/\/canapea.md\/ru\/#organization\"},\"potentialAction\":[{\"@type\":\"SearchAction\",\"target\":{\"@type\":\"EntryPoint\",\"urlTemplate\":\"https:\/\/canapea.md\/ru\/?s={search_term_string}\"},\"query-input\":{\"@type\":\"PropertyValueSpecification\",\"valueRequired\":true,\"valueName\":\"search_term_string\"}}],\"inLanguage\":\"ro-RO\"},{\"@type\":\"Organization\",\"@id\":\"https:\/\/canapea.md\/ru\/#organization\",\"name\":\"Rom1961\",\"url\":\"https:\/\/canapea.md\/ru\/\",\"logo\":{\"@type\":\"ImageObject\",\"inLanguage\":\"ro-RO\",\"@id\":\"https:\/\/canapea.md\/ru\/#\/schema\/logo\/image\/\",\"url\":\"https:\/\/rom.md\/wp-content\/uploads\/2024\/09\/cropped-Layer-png.avif\",\"contentUrl\":\"https:\/\/rom.md\/wp-content\/uploads\/2024\/09\/cropped-Layer-png.avif\",\"width\":512,\"height\":512,\"caption\":\"Rom1961\"},\"image\":{\"@id\":\"https:\/\/canapea.md\/ru\/#\/schema\/logo\/image\/\"}}]}<\/script>\n<!-- \/ Yoast SEO plugin. -->","yoast_head_json":{"title":"Huse pentru Mobilier \u2013 Protec\u021bie \u0219i Stil pe Rom.md","description":"Descoper\u0103 huse de calitate pentru canapele \u0219i mobilier pe Rom.md. Protejeaz\u0103-\u021bi piesele de mobilier cu stil \u0219i durabilitate.","robots":{"index":"index","follow":"follow","max-snippet":"max-snippet:-1","max-image-preview":"max-image-preview:large","max-video-preview":"max-video-preview:-1"},"canonical":"https:\/\/rom.md\/ro\/acoperiri\/","og_locale":"ro_RO","og_type":"article","og_title":"Huse pentru Mobilier \u2013 Protec\u021bie \u0219i Stil pe Rom.md","og_description":"Descoper\u0103 huse de calitate pentru canapele \u0219i mobilier pe Rom.md. Protejeaz\u0103-\u021bi piesele de mobilier cu stil \u0219i durabilitate.","og_url":"https:\/\/rom.md\/ro\/acoperiri\/","og_site_name":"Rom1961","article_modified_time":"2024-11-20T15:40:56+00:00","twitter_card":"summary_large_image","twitter_misc":{"Timp estimat pentru citire":"4 minute"},"schema":{"@context":"https:\/\/schema.org","@graph":[{"@type":"WebPage","@id":"https:\/\/rom.md\/ro\/acoperiri\/","url":"https:\/\/rom.md\/ro\/acoperiri\/","name":"Huse pentru Mobilier \u2013 Protec\u021bie \u0219i Stil pe Rom.md","isPartOf":{"@id":"https:\/\/canapea.md\/ru\/#website"},"datePublished":"2024-09-27T19:39:47+00:00","dateModified":"2024-11-20T15:40:56+00:00","description":"Descoper\u0103 huse de calitate pentru canapele \u0219i mobilier pe Rom.md. Protejeaz\u0103-\u021bi piesele de mobilier cu stil \u0219i durabilitate.","breadcrumb":{"@id":"https:\/\/rom.md\/ro\/acoperiri\/#breadcrumb"},"inLanguage":"ro-RO","potentialAction":[{"@type":"ReadAction","target":["https:\/\/rom.md\/ro\/acoperiri\/"]}]},{"@type":"BreadcrumbList","@id":"https:\/\/rom.md\/ro\/acoperiri\/#breadcrumb","itemListElement":[{"@type":"ListItem","position":1,"name":"\u0413\u043b\u0430\u0432\u043d\u0430\u044f \u0441\u0442\u0440\u0430\u043d\u0438\u0446\u0430","item":"https:\/\/canapea.md\/ru\/"},{"@type":"ListItem","position":2,"name":"Hus\u0103"}]},{"@type":"WebSite","@id":"https:\/\/canapea.md\/ru\/#website","url":"https:\/\/canapea.md\/ru\/","name":"Rom1961","description":"COMFORT CU ADEV\u0102RAT INDIVIDUAL ","publisher":{"@id":"https:\/\/canapea.md\/ru\/#organization"},"potentialAction":[{"@type":"SearchAction","target":{"@type":"EntryPoint","urlTemplate":"https:\/\/canapea.md\/ru\/?s={search_term_string}"},"query-input":{"@type":"PropertyValueSpecification","valueRequired":true,"valueName":"search_term_string"}}],"inLanguage":"ro-RO"},{"@type":"Organization","@id":"https:\/\/canapea.md\/ru\/#organization","name":"Rom1961","url":"https:\/\/canapea.md\/ru\/","logo":{"@type":"ImageObject","inLanguage":"ro-RO","@id":"https:\/\/canapea.md\/ru\/#\/schema\/logo\/image\/","url":"https:\/\/rom.md\/wp-content\/uploads\/2024\/09\/cropped-Layer-png.avif","contentUrl":"https:\/\/rom.md\/wp-content\/uploads\/2024\/09\/cropped-Layer-png.avif","width":512,"height":512,"caption":"Rom1961"},"image":{"@id":"https:\/\/canapea.md\/ru\/#\/schema\/logo\/image\/"}}]}},"_links":{"self":[{"href":"https:\/\/www.rom.md\/ro\/wp-json\/wp\/v2\/pages\/115"}],"collection":[{"href":"https:\/\/www.rom.md\/ro\/wp-json\/wp\/v2\/pages"}],"about":[{"href":"https:\/\/www.rom.md\/ro\/wp-json\/wp\/v2\/types\/page"}],"author":[{"embeddable":true,"href":"https:\/\/www.rom.md\/ro\/wp-json\/wp\/v2\/users\/1"}],"replies":[{"embeddable":true,"href":"https:\/\/www.rom.md\/ro\/wp-json\/wp\/v2\/comments?post=115"}],"version-history":[{"count":19,"href":"https:\/\/www.rom.md\/ro\/wp-json\/wp\/v2\/pages\/115\/revisions"}],"predecessor-version":[{"id":2431,"href":"https:\/\/www.rom.md\/ro\/wp-json\/wp\/v2\/pages\/115\/revisions\/2431"}],"wp:attachment":[{"href":"https:\/\/www.rom.md\/ro\/wp-json\/wp\/v2\/media?parent=115"}],"curies":[{"name":"wp","href":"https:\/\/api.w.org\/{rel}","templated":true}]}}